{"id":832,"date":"2024-06-24T14:20:37","date_gmt":"2024-06-24T12:20:37","guid":{"rendered":"https:\/\/viscontisoluzioni.it\/?page_id=832"},"modified":"2026-02-25T09:53:04","modified_gmt":"2026-02-25T08:53:04","slug":"chi-siamo","status":"publish","type":"page","link":"https:\/\/viscontisoluzioni.it\/index.php\/chi-siamo\/","title":{"rendered":"Chi siamo"},"content":{"rendered":"\n<p><strong>Visconti Soluzioni <\/strong><strong>Srl<\/strong>s\u00a0(viscontisoluzioni.it) \u00e8 una societ\u00e0 di consulenza con sede a\u00a0<strong>Salerno<\/strong>\u00a0specializzata nella\u00a0<strong>progettazione della sicurezza<\/strong>\u00a0e nell&#8217;ingegneria dei sistemi.\u00a0<\/p>\n\n\n\n<p>Nata dall&#8217;iniziativa di professionisti con esperienza ventennale nel&nbsp;<strong>Networking<\/strong>&nbsp;e nella gestione dei dati, l&#8217;azienda si distingue per un approccio metodologico che non si limita alla fornitura di strumenti, ma punta sulla strategia.&nbsp;<\/p>\n\n\n\n<p><strong>Ambiti di Intervento<\/strong><\/p>\n\n\n\n<p>\u2022 <strong>Sicurezza Informatica e dei Dati:<\/strong>\u00a0Focalizzata su affidabilit\u00e0 dei processi e protezione del software.<\/p>\n\n\n\n<p>\u2022 <strong>Compliance e Privacy:<\/strong>\u00a0Supporto specialistico per adempimenti normativi come la\u00a0<strong>Valutazione del Rischio<\/strong>\u00a0e la\u00a0<strong>DPIA<\/strong>\u00a0(Data Protection Impact Assessment).<\/p>\n\n\n\n<p>\u2022 <strong>Consulenza Strategica:<\/strong>\u00a0Analisi delle strutture aziendali, individuazione delle priorit\u00e0 d&#8217;intervento e calcolo costi-benefici per soluzioni IT su misura.<\/p>\n\n\n\n<p>\u2022 <strong>Formazione:<\/strong>\u00a0Trasferimento di know-how tecnico e organizzativo per la gestione autonoma dei sistemi.\u00a0<\/p>\n\n\n\n<p><strong>Frase Identificativa<\/strong><\/p>\n\n\n\n<p><strong>&#8220;Visconti Soluzioni: l&#8217;architettura della sicurezza che non si acquista, si progetta.&#8221;<\/strong>&nbsp;<\/p>\n\n\n\n<p>Questa espressione sintetizza la nostra filosofia: la sicurezza non \u00e8 un prodotto &#8220;chiavi in mano&#8221;, ma il risultato di un&#8217;analisi rigorosa e di una configurazione personalizzata dei processi aziendali<\/p>\n\n\n\n<p>Ci occupiamo di\u00a0<strong>cyber security a 360\u00b0<\/strong>, il nostro &#8220;scope&#8221; \u00e8 gestire le attivit\u00e0 prima e dopo un attacco informatico. verificheremo i vostri sistemi supportandovi nell&#8217;implementare le giuste barriere per non cadere vittima di hacking.<\/p>\n\n\n\n<p><strong>Le nostre maggiori attivit\u00e0:<\/strong><\/p>\n\n\n\n<p>Un&nbsp;<strong>security assessment<\/strong>&nbsp;o&nbsp;<strong>valutazione della sicurezza informatica<\/strong>, \u00e8 un processo attraverso il quale valutiamo il livello di sicurezza dei sistemi e delle reti informatiche delle aziende. Identifichiamo eventuali criticit\u00e0 da indirizzare, tramite verifiche tecniche e strumentali. Lo scopo principale di questo servizio \u00e8 quello di informare il cliente circa le&nbsp;<strong>vulnerabilit\u00e0 nei sistemi aziendali<\/strong>, permettendogli di attuare azioni difensive e prepararsi alle effettive minacce a cui potrebbe essere sottoposta.<\/p>\n\n\n\n<p>La corretta gestione dei sistemi di sicurezza aziendali \u00e8 uno degli aspetti fondamentali per difendersi dalle minacce cyber. Grazie al servizio di&nbsp;<strong>Security Governance<\/strong>, i nostri esperti ti aiuteranno a valutare se e in che modo la tua azienda \u00e8 pronta ad affrontare tali minacce e quali sono gli aspetti da migliorare per garantire sempre il miglior livello di sicurezza possibile. Il servizio comprende l\u2019analisi e la revisione da parte del team di sviluppo delle misure attualmente in atto per proteggere i sistemi aziendali.<\/p>\n\n\n\n<p>Sviluppiamo <strong>corsi di formazione sulla cyber security<\/strong>&nbsp;per il personale dipendente e per i collaboratori delle aziende di ogni settore. Le attivit\u00e0 formative sono mirate all\u2019acquisizione di una maggior consapevolezza sul mondo digitale per poter riconoscere minacce e tentativi di phishing sul luogo di lavoro. Dedichiamo inoltre particolare attenzione anche alla prevenzione e all&#8217;insegnamento delle best practice per proteggere i dati aziendali riservati, formando il personale al corretto utilizzo dei dispositivi informatici, alla protezione dei dati aziendali, alla formulazione di password efficaci e all\u2019utilizzo degli strumenti di protezione.<\/p>\n\n\n\n<p>Consulenza specifica in ambito Informatica giuridica su quella parte delle scienze informatiche che si indirizzano alle discipline giuridiche e sui profili giuridici delle tecnologie dell&#8217;informazione; la nostra consulenza porta le aziende a comprendere i meccanismi che governano gli utilizzi delle tecnologie informatiche nelle aziende e nella societ\u00e0  permettendo di acquisire alcune capacit\u00e0 applicative.<\/p>\n\n\n\n<p><\/p>\n\n\n\n<p><\/p>\n","protected":false},"excerpt":{"rendered":"<p>Visconti Soluzioni Srls\u00a0(viscontisoluzioni.it) \u00e8 una societ\u00e0 di consulenza con sede a\u00a0Salerno\u00a0specializzata nella\u00a0progettazione della sicurezza\u00a0e nell&#8217;ingegneria dei sistemi.\u00a0 Nata dall&#8217;iniziativa di<\/p>\n","protected":false},"author":1,"featured_media":0,"parent":0,"menu_order":0,"comment_status":"closed","ping_status":"closed","template":"","meta":{"footnotes":""},"class_list":["post-832","page","type-page","status-publish","hentry"],"_links":{"self":[{"href":"https:\/\/viscontisoluzioni.it\/index.php\/wp-json\/wp\/v2\/pages\/832","targetHints":{"allow":["GET"]}}],"collection":[{"href":"https:\/\/viscontisoluzioni.it\/index.php\/wp-json\/wp\/v2\/pages"}],"about":[{"href":"https:\/\/viscontisoluzioni.it\/index.php\/wp-json\/wp\/v2\/types\/page"}],"author":[{"embeddable":true,"href":"https:\/\/viscontisoluzioni.it\/index.php\/wp-json\/wp\/v2\/users\/1"}],"replies":[{"embeddable":true,"href":"https:\/\/viscontisoluzioni.it\/index.php\/wp-json\/wp\/v2\/comments?post=832"}],"version-history":[{"count":5,"href":"https:\/\/viscontisoluzioni.it\/index.php\/wp-json\/wp\/v2\/pages\/832\/revisions"}],"predecessor-version":[{"id":5107,"href":"https:\/\/viscontisoluzioni.it\/index.php\/wp-json\/wp\/v2\/pages\/832\/revisions\/5107"}],"wp:attachment":[{"href":"https:\/\/viscontisoluzioni.it\/index.php\/wp-json\/wp\/v2\/media?parent=832"}],"curies":[{"name":"wp","href":"https:\/\/api.w.org\/{rel}","templated":true}]}}