{"id":824,"date":"2022-04-15T18:29:00","date_gmt":"2022-04-15T16:29:00","guid":{"rendered":"https:\/\/viscontisoluzioni.it\/?page_id=824"},"modified":"2022-04-15T18:30:24","modified_gmt":"2022-04-15T16:30:24","slug":"imhotep-a-chi-si-rivolge","status":"publish","type":"page","link":"https:\/\/viscontisoluzioni.it\/index.php\/imhotep-a-chi-si-rivolge\/","title":{"rendered":"IMHOTEP a chi si rivolge"},"content":{"rendered":"\n<p>Abbiamo sviluppato una ricerca approfondita accompagnata con l&#8217;invio di oltre 500 questionari ad aziende private ed enti pubblici per verificare che:<\/p>\n\n\n\n<ul class=\"wp-block-list\"><li><em>il settore a cui ci rivolgiamo fosse un settore di interesse per il mercato pubblico e privato;<\/em><\/li><li><em>individuare una clientela potenzialmente interessata a quel settore.<\/em><\/li><\/ul>\n\n\n\n<p><br>Oltre quindi alla ricerca di mercato sviluppata, il Piano di Marketing del nostro prodotto ci ha consentito di raggiungere alcuni risultati importanti quali:<\/p>\n\n\n\n<ul class=\"wp-block-list\"><li>Formulare in modo esplicito gli obiettivi e definire un budget preventivo di&nbsp;azione<\/li><li>Rappresentare un valido strumento di comunicazione interna per la condivisione degli&nbsp;obiettivi e delle strategie<\/li><li>Strumento di controllo dell\u2019effettivo concretizzarsi degli obiettivi formulati<\/li><\/ul>\n\n\n\n<p>Alla luce di quanto affermato abbiamo &nbsp;sviluppato il nostro prodotto, IMHOTEP, relativamente alla gestione della privacy della sicurezza informatica e delle sue connessioni legislative rendendolo da subito compliance sia don l\u2019attuale D.lgs 196\/2003 sia con il regolamento europeo<\/p>\n\n\n\n<p>Emerge chiaramente dal resoconto dei questionari inviati che un prodotto di tal genere (da alcuni definiti un ERP della gestione privacy e sicurezza) \u00e8 oggi pi\u00f9 che mai necessario all&#8217;interno dei servizi informatici erogati dalle aziende e\/o dagli enti. &nbsp;La ricerca ha dimostrato, infatti, che ad oggi il costo maggiore per le aziende che devono affrontare un evento malevolo, sia esso generato da semplice errore interno o da attacco informatico, sta nelle attivit\u00e0 immediatamente conseguenti all&#8217;evento.<\/p>\n\n\n\n<p>E&#8217; infatti indubbio che le attivit\u00e0 immediate a fronte di un evento sono ad oggi guidate dal &#8220;panico&#8221; e non dalla competenza che pure risulta presente nelle aziende e negli enti, ci\u00f2 \u00e8 dovuto proprio alla mancanza di uno strumento capace di guidare le scelte opportune avendo presente tutta la struttura aziendale nella sua complessit\u00e0 e tenendo presente le attivit\u00e0 fondamentali di business.<\/p>\n\n\n\n<p>&nbsp;Imhotep norme e tecnologia<\/p>\n\n\n\n<p><strong><em>MHOTEP<\/em><\/strong>. Visir&nbsp;del faraone&nbsp;Djoser, architetto, matematico, medico, letterato, a lui si deve l&#8217;invenzione della piramide a gradoni di Saqqara per il suo&nbsp;faraone.&nbsp;<\/p>\n\n\n\n<p>Il Prodotto prende il suo nome perch\u00e9 costruito a moduli (gradoni) che ne permettono la robustezza e la tenuta all\u2019interno dei vostri progetti azienda senza intaccare funzionalit\u00e0 e produttivit\u00e0<\/p>\n\n\n\n<ul class=\"wp-block-list\"><li>Layout \u2013 Il prodotto \u00e8 basato su un layout molto semplice e guidato, impossibile sbagliare la sequenza delle operazioni perch\u00e9 queste sono verificate dal prodotto stesso. Tutto il prodotto \u00e8 sviluppato con un help on line che si apre su finestre temporanee che permettono di verificare cosa inserire e come inserire i dati.<\/li><li>Tecnologia utilizzata<ul><li>Hosting<ul><li>esterno \u2013 La scelta dell\u2019hosting esterno assolve ad una delle prime regole di buona amministrazione, che prevede il salvataggio dei dati in una location diversa da quella dove risiedono i dati stessi, ci\u00f2 permetter\u00e0 che anche in caso di fermo aziendale queste procedure saranno sempre accessibili.<\/li><li>Interno \u2013 La scelta dell\u2019hosting interno \u00e8 una decisone prettamente aziendale naturalmente non compromette nessuna delle funzionalit\u00e0<\/li><\/ul><\/li><li>CMS scelto Drupal \u2013 CMS molto duttile che oltre a gestire i contenuti permette di lavorare su campi aggiunti attraverso i quali si pu\u00f2 costruire un db. La gestione dei campi \u00e8 molto semplice e non richiede una gestione particolarmente complessa. Si possono aggiungere tutti i campi a prescindere dalla loro formattazione.<\/li><\/ul><\/li><\/ul>\n","protected":false},"excerpt":{"rendered":"<p>Abbiamo sviluppato una ricerca approfondita accompagnata con l&#8217;invio di oltre 500 questionari ad aziende private ed enti pubblici per verificare<\/p>\n","protected":false},"author":1,"featured_media":0,"parent":0,"menu_order":0,"comment_status":"closed","ping_status":"closed","template":"","meta":{"footnotes":""},"class_list":["post-824","page","type-page","status-publish","hentry"],"_links":{"self":[{"href":"https:\/\/viscontisoluzioni.it\/index.php\/wp-json\/wp\/v2\/pages\/824","targetHints":{"allow":["GET"]}}],"collection":[{"href":"https:\/\/viscontisoluzioni.it\/index.php\/wp-json\/wp\/v2\/pages"}],"about":[{"href":"https:\/\/viscontisoluzioni.it\/index.php\/wp-json\/wp\/v2\/types\/page"}],"author":[{"embeddable":true,"href":"https:\/\/viscontisoluzioni.it\/index.php\/wp-json\/wp\/v2\/users\/1"}],"replies":[{"embeddable":true,"href":"https:\/\/viscontisoluzioni.it\/index.php\/wp-json\/wp\/v2\/comments?post=824"}],"version-history":[{"count":3,"href":"https:\/\/viscontisoluzioni.it\/index.php\/wp-json\/wp\/v2\/pages\/824\/revisions"}],"predecessor-version":[{"id":5142,"href":"https:\/\/viscontisoluzioni.it\/index.php\/wp-json\/wp\/v2\/pages\/824\/revisions\/5142"}],"wp:attachment":[{"href":"https:\/\/viscontisoluzioni.it\/index.php\/wp-json\/wp\/v2\/media?parent=824"}],"curies":[{"name":"wp","href":"https:\/\/api.w.org\/{rel}","templated":true}]}}