{"id":519,"date":"2022-04-07T09:31:45","date_gmt":"2022-04-07T07:31:45","guid":{"rendered":"http:\/\/viscontisoluzioni.it\/?page_id=519"},"modified":"2022-04-07T09:31:46","modified_gmt":"2022-04-07T07:31:46","slug":"informativa-privacy","status":"publish","type":"page","link":"https:\/\/viscontisoluzioni.it\/index.php\/informativa-privacy\/","title":{"rendered":"<strong>INFORMATIVA PRIVACY<\/strong>"},"content":{"rendered":"\n<p>Gentile Utente,<\/p>\n\n\n\n<p>ai fini previsti dal Regolamento UE n. 2016\/679 relativo alla protezione delle persone fisiche la informiamo che i dati personali forniti ed acquisiti, saranno oggetto di trattamento nel rispetto di quanto disposto dal premesso Regolamento con particolare riferimento ai diritti ed obblighi conseguenti.<\/p>\n\n\n\n<p>In particolare:<\/p>\n\n\n\n<ol class=\"wp-block-list\" type=\"1\"><li><strong>a) Titolare del trattamento<\/strong><\/li><\/ol>\n\n\n\n<p>Il titolare del trattamento \u00e8 il Dott. Alfredo Visconti, domiciliato per la carica in Salerno&nbsp;via dei principati, 42 \u2013 84122.<\/p>\n\n\n\n<ol class=\"wp-block-list\" type=\"1\"><li><strong>b) Finalit\u00e0 del trattamento<\/strong><\/li><\/ol>\n\n\n\n<p>Il trattamento svolto mediante strumenti manuali, informatici e telematici, \u00e8 finalizzato unicamente all&#8217;invio delle newsletters informative.<\/p>\n\n\n\n<p>Inoltre si evidenzia che i sistemi informatici e le procedure&nbsp;software&nbsp;preposte al funzionamento di questo sito&nbsp;web&nbsp;acquisiscono, nel corso del loro normale esercizio, alcuni dati personali la cui trasmissione \u00e8 implicita nell&#8217;uso dei protocolli di comunicazione di Internet.<\/p>\n\n\n\n<p>Si tratta di informazioni che non sono raccolte per essere associate a interessati identificati, ma che per loro stessa natura potrebbero, attraverso elaborazioni ed associazioni con dati detenuti da terzi, permettere di identificare gli utenti.<\/p>\n\n\n\n<p>In questa categoria di dati rientrano gli indirizzi IP o i nomi a dominio dei computer utilizzati dagli utenti che si connettono al sito, gli indirizzi in notazione&nbsp;URI (Uniform Resource Identifier)&nbsp;delle risorse richieste, l&#8217;orario della richiesta, il metodo utilizzato nel sottoporre la richiesta al server, la dimensione del file ottenuto in risposta, il codice numerico indicante lo stato della risposta data dal&nbsp;server&nbsp;(buon fine, errore, ecc.) ed altri parametri relativi al sistema operativo e all&#8217;ambiente informatico dell&#8217;utente.<\/p>\n\n\n\n<p>Questi dati vengono utilizzati al solo fine di ricavare informazioni statistiche anonime sull&#8217;uso del sito e per controllarne il corretto funzionamento e vengono cancellati immediatamente dopo l&#8217;elaborazione. I dati potrebbero essere&nbsp;utilizzati per l&#8217;accertamento di responsabilit\u00e0 in caso di ipotetici reati informatici ai danni del sito: salva questa eventualit\u00e0, allo stato i dati sui contatti&nbsp;web&nbsp;non persistono per pi\u00f9 di sette giorni.<\/p>\n\n\n\n<ol class=\"wp-block-list\" type=\"1\"><li><strong>c) Periodo di conservazione dei dati.<\/strong><\/li><\/ol>\n\n\n\n<p>La conservazione dei dati personali forniti avverr\u00e0 per il periodo di tempo necessario all\u2019espletamento della finalit\u00e0 sopra descritte e fin quando non interverr\u00e0 una revoca del consenso.&nbsp;<\/p>\n\n\n\n<ol class=\"wp-block-list\" type=\"1\"><li><strong>d) Comunicazione.<\/strong><\/li><\/ol>\n\n\n\n<p>I dati oggetto di trattamento potranno essere comunicati solo per l\u2019adempimento di obblighi previsti dalla legge. Gli stessi dati non saranno diffusi n\u00e9 trasferiti all\u2019estero.&nbsp;<\/p>\n\n\n\n<ol class=\"wp-block-list\" type=\"1\"><li><strong>e) Obbligo di fornire i dati personali.<\/strong><\/li><\/ol>\n\n\n\n<p>Si ricorda che la comunicazione dei dati personali da parte della S.V. rappresenta un requisito necessario per lo svolgimento delle attivit\u00e0 di cui alla lettera b).<\/p>\n\n\n\n<ol class=\"wp-block-list\" type=\"1\"><li><strong>f) Revoca del consenso.<\/strong><\/li><\/ol>\n\n\n\n<p>Si ricorda che la S.V. ha il diritto di revocare il proprio consenso in qualsiasi momento senza pregiudicare la liceit\u00e0 del trattamento basata sul consenso prestato prima della revoca.&nbsp;<\/p>\n\n\n\n<ol class=\"wp-block-list\" type=\"1\"><li><strong>g) Diritti dell\u2019interessato.<\/strong><\/li><\/ol>\n\n\n\n<p>In relazione ai dati oggetto del trattamento di cui alla presente informativa \u00e8 riconosciuto alla S.V. in qualsiasi momento il diritto di:<\/p>\n\n\n\n<p>&#8211; Accesso (art. 15 Regolamento UE n. 2016\/679);<\/p>\n\n\n\n<p>&#8211; Rettifica (art. 16 Regolamento UE n. 2016\/679);<\/p>\n\n\n\n<p>&#8211; Cancellazione (art. 17 Regolamento UE n. 2016\/679);<\/p>\n\n\n\n<p>&#8211; Limitazione (art. 18 Regolamento UE n. 2016\/679);<\/p>\n\n\n\n<p>&#8211; Opposizione al trattamento (art. 21 Regolamento UE n. 2016\/679).<\/p>\n\n\n\n<p>L\u2019esercizio dei premessi diritti pu\u00f2 essere esercitato mediante comunicazione scritta da inviare a all\u2019indirizzo&nbsp;<a href=\"mailto:info@andip.it\">info@viscontisoluzioni.it<\/a>&nbsp;oppure via posta, alla sede in Salerno, via dei principati, 42 \u2013&nbsp;84122i.<\/p>\n\n\n\n<ol class=\"wp-block-list\" type=\"1\"><li><strong>h) Reclamo.<\/strong><\/li><\/ol>\n\n\n\n<p>Ai sensi dell\u2019art. 77 del regolamento UE n. 2016\/679 la S.V. potr\u00e0 proporre reclamo all\u2019Autorit\u00e0 Garante in caso di violazione della normativa vigente in materia di protezione dei dati personali.<\/p>\n","protected":false},"excerpt":{"rendered":"<p>Gentile Utente, ai fini previsti dal Regolamento UE n. 2016\/679 relativo alla protezione delle persone fisiche la informiamo che i<\/p>\n","protected":false},"author":1,"featured_media":0,"parent":0,"menu_order":0,"comment_status":"closed","ping_status":"closed","template":"","meta":{"footnotes":""},"class_list":["post-519","page","type-page","status-publish","hentry"],"_links":{"self":[{"href":"https:\/\/viscontisoluzioni.it\/index.php\/wp-json\/wp\/v2\/pages\/519","targetHints":{"allow":["GET"]}}],"collection":[{"href":"https:\/\/viscontisoluzioni.it\/index.php\/wp-json\/wp\/v2\/pages"}],"about":[{"href":"https:\/\/viscontisoluzioni.it\/index.php\/wp-json\/wp\/v2\/types\/page"}],"author":[{"embeddable":true,"href":"https:\/\/viscontisoluzioni.it\/index.php\/wp-json\/wp\/v2\/users\/1"}],"replies":[{"embeddable":true,"href":"https:\/\/viscontisoluzioni.it\/index.php\/wp-json\/wp\/v2\/comments?post=519"}],"version-history":[{"count":1,"href":"https:\/\/viscontisoluzioni.it\/index.php\/wp-json\/wp\/v2\/pages\/519\/revisions"}],"predecessor-version":[{"id":521,"href":"https:\/\/viscontisoluzioni.it\/index.php\/wp-json\/wp\/v2\/pages\/519\/revisions\/521"}],"wp:attachment":[{"href":"https:\/\/viscontisoluzioni.it\/index.php\/wp-json\/wp\/v2\/media?parent=519"}],"curies":[{"name":"wp","href":"https:\/\/api.w.org\/{rel}","templated":true}]}}