{"id":4885,"date":"2025-03-07T12:27:47","date_gmt":"2025-03-07T11:27:47","guid":{"rendered":"https:\/\/viscontisoluzioni.it\/?page_id=4885"},"modified":"2025-03-08T18:04:19","modified_gmt":"2025-03-08T17:04:19","slug":"modello-231-01","status":"publish","type":"page","link":"https:\/\/viscontisoluzioni.it\/index.php\/modello-231-01\/","title":{"rendered":"Modello 231\/01"},"content":{"rendered":"\n<p>Il Modello di organizzazione, gestione e controllo, ai sensi del d. lgs. n. 231\/2001, introdotto da Visconti Soluzioni a marzo 2015, \u00e8 un sistema di regole e procedure organizzative volte a prevenire la commissione dei reati.<\/p>\n\n\n\n<p>\u00c8 uno strumento dinamico, che incide sull\u2019operativit\u00e0 aziendale e che a sua volta deve essere costantemente verificato e aggiornato alla luce dei riscontri applicativi, cos\u00ec come dell\u2019evoluzione del quadro normativo di riferimento.<\/p>\n\n\n\n<p><a href=\"https:\/\/viscontisoluzioni.it\/wp-content\/uploads\/2025\/03\/visconti-soluzioni-codice-etico-v1.pdf\" data-type=\"link\" data-id=\"https:\/\/viscontisoluzioni.it\/wp-content\/uploads\/2025\/03\/visconti-soluzioni-codice-etico-v1.pdf\">Codice Etico<\/a> <\/p>\n\n\n\n<p>Il&nbsp;codice etico aziendale, detto anche \u201ccodice di condotta\u201d o \u201ccodice di comportamento\u201d, \u00e8 un documento contenente una serie di regole sociali e morali redatte dall\u2019azienda e alle quali devono attenersi tutti i membri dell\u2019organizzazione.<\/p>\n\n\n\n<p>\u00c8 un documento dinamico che raccoglie i valori etici considerati fondamentali dove vengono definite le responsabilit\u00e0 etico-sociali dell\u2019impresa, sia verso l\u2019interno che verso l\u2019esterno, e i valori che la caratterizzano: le disposizioni del Codice Etico dovrebbero essere vincolanti per i propri destinatari (es. dipendenti diretti, collaboratori esterni, ogni altro stakeholder) .&nbsp;<\/p>\n\n\n\n<p>Il suo scopo \u00e8 quindi quello di stabilire valori,&nbsp; principi e&nbsp; comportamenti che l&#8217;azienda si impegna a rispettare nei confronti dei propri dipendenti, dei clienti, degli azionisti, dei fornitori e dell&#8217;ambiente.<\/p>\n\n\n\n<p><a href=\"https:\/\/viscontisoluzioni.it\/wp-content\/uploads\/2025\/03\/MODELLO-DI-ORGANIZZAZIONE-E-CONTROLLO-viscontisoluzioni.pdf\">Modello di Organizzazione e Controllo<\/a> Il&nbsp;<strong>MOG \u00e8<\/strong>&nbsp;un sistema&nbsp;<strong>di gestione<\/strong>&nbsp;aziendale che individua le procedure operative che l&#8217;azienda sviluppa per ridurre il rischio che apicali&nbsp;<strong>e<\/strong>&nbsp;sottoposti commettano reati a vantaggio o interesse della societ\u00e0.<\/p>\n\n\n\n<p><a href=\"https:\/\/viscontisoluzioni.it\/wp-content\/uploads\/2025\/03\/Parte-speciale-A-1-visconti-soluzioni.pdf\">Modello 231 &#8211; Parte speciale A<\/a> <strong>Reati commessi nei rapporti con la Pubblica Amministrazione<\/strong>. Nello specifico, la presente Parte Speciale ha lo scopo di: Indicare le procedure che i Dipendenti, gli Organi Sociali, i Collaboratori esterni e i Partner della Societ\u00e0 sono chiamati ad osservare ai fini della corretta applicazione del Modello.<\/p>\n\n\n\n<p><a href=\"https:\/\/viscontisoluzioni.it\/wp-content\/uploads\/2025\/03\/Parte-speciale-B-visconti.pdf\">Modello 231 &#8211; Parte speciale B<\/a> <strong>Reati societari<\/strong>Nello specifico, la presente Parte Speciale ha lo scopo di: Indicare i principi procedurali e le regole di comportamento che i Destinatari sono chiamati ad osservare ai fini della corretta applicazione del Modello.<\/p>\n\n\n\n<p><a href=\"https:\/\/viscontisoluzioni.it\/wp-content\/uploads\/2025\/03\/Parte-speciale-C-visconti.pdf\">Modello 231 &#8211; Parte speciale C<\/a> La presente Parte Speciale si riferisce alle fattispecie di reato espressamente richiamate dall\u2019art. 24-bis, introdotto dall\u2019art. 7 della Legge 18 marzo 2008 n. 48, recante la ratifica e l\u2019esecuzione della Convenzione del Consiglio d\u2019Europa di Budapest sulla criminalit\u00e0 informatica (d\u2019ora innanzi, per brevit\u00e0, i \u201cReati Informatici\u201d) ed, in particolare, i comportamenti che devono essere tenuti dai soggetti che utilizzano gli strumenti informatici del Fondo.<\/p>\n\n\n\n<p><a href=\"https:\/\/viscontisoluzioni.it\/wp-content\/uploads\/2025\/03\/Parte-speciale-D-1-viscontisoluzioni.pdf\">Modello 231 &#8211; Parte speciale D<\/a> La \u201cparte speciale D\u201d&nbsp;\u00e8 dedicata alla trattazione dei reati di ricettazione, riciclaggio e impiego di denaro, beni o utilit\u00e0 di provenienza illecita, nonch\u00e9 autoriciclaggio, cos\u00ec come individuati nell&#8217;art. 25 octies<\/p>\n\n\n\n<p><a href=\"https:\/\/viscontisoluzioni.it\/wp-content\/uploads\/2025\/03\/parte-speciale-E-visconti-soluzioni.pdf\">Modello 231 &#8211; Parte speciale E<\/a> La presente\u00a0<strong>Parte Speciale<\/strong>, che costituisce\u00a0<strong>parte<\/strong>\u00a0integrante\u00a0<strong>del<\/strong>\u00a0Piano Triennale\u00a0<strong>di<\/strong>\u00a0Prevenzione\u00a0<strong>della<\/strong>\u00a0Corruzione (PTPC), si applica alle tipologie\u00a0<strong>di<\/strong>\u00a0reati\u00a0<strong>di<\/strong>\u00a0corruzione, anche tra privati\u00a0<strong>e<\/strong>\u00a0nei rapporti con la Pubblica Amministrazione. Come evidenziato dall&#8217;Autorit\u00e0 Nazionale Anticorruzione\u00a0<\/p>\n\n\n\n<p><\/p>\n","protected":false},"excerpt":{"rendered":"<p>Il Modello di organizzazione, gestione e controllo, ai sensi del d. lgs. n. 231\/2001, introdotto da Visconti Soluzioni a marzo<\/p>\n","protected":false},"author":1,"featured_media":0,"parent":0,"menu_order":0,"comment_status":"closed","ping_status":"closed","template":"","meta":{"footnotes":""},"class_list":["post-4885","page","type-page","status-publish","hentry"],"_links":{"self":[{"href":"https:\/\/viscontisoluzioni.it\/index.php\/wp-json\/wp\/v2\/pages\/4885","targetHints":{"allow":["GET"]}}],"collection":[{"href":"https:\/\/viscontisoluzioni.it\/index.php\/wp-json\/wp\/v2\/pages"}],"about":[{"href":"https:\/\/viscontisoluzioni.it\/index.php\/wp-json\/wp\/v2\/types\/page"}],"author":[{"embeddable":true,"href":"https:\/\/viscontisoluzioni.it\/index.php\/wp-json\/wp\/v2\/users\/1"}],"replies":[{"embeddable":true,"href":"https:\/\/viscontisoluzioni.it\/index.php\/wp-json\/wp\/v2\/comments?post=4885"}],"version-history":[{"count":14,"href":"https:\/\/viscontisoluzioni.it\/index.php\/wp-json\/wp\/v2\/pages\/4885\/revisions"}],"predecessor-version":[{"id":4920,"href":"https:\/\/viscontisoluzioni.it\/index.php\/wp-json\/wp\/v2\/pages\/4885\/revisions\/4920"}],"wp:attachment":[{"href":"https:\/\/viscontisoluzioni.it\/index.php\/wp-json\/wp\/v2\/media?parent=4885"}],"curies":[{"name":"wp","href":"https:\/\/api.w.org\/{rel}","templated":true}]}}