{"id":4864,"date":"2025-03-06T09:54:22","date_gmt":"2025-03-06T08:54:22","guid":{"rendered":"https:\/\/viscontisoluzioni.it\/?page_id=4864"},"modified":"2025-03-11T09:46:42","modified_gmt":"2025-03-11T08:46:42","slug":"certificazioni-e-compliance","status":"publish","type":"page","link":"https:\/\/viscontisoluzioni.it\/index.php\/certificazioni-e-compliance\/","title":{"rendered":"Certificazioni e compliance"},"content":{"rendered":"\n<p>Visconti Soluzioni mette in campo partnership di eccellenza, consulenza e investimenti per fornire risposte concrete, puntuali e personalizzate alle aziende che vogliono intraprendere un percorso di innovazione tecnologica basato sulla sicurezza dei dati e sulla trasformazione digitale, asset che rappresentano la solidit\u00e0 delle aziende sia in termini tecnologici sia in termini economici.<\/p>\n\n\n\n<p>Assicuriamo un alto livello di performance grazie al proprio Sistema di Gestione Integrato, il quale consente di combinare gli standard di gestione qualit\u00e0, ambiente, salute e sicurezza sul lavoro e sicurezza delle informazioni in unico sistema che permette un controllo centralizzato, coordinato e in continuo miglioramento. I servizi forniti ai nostri clienti e la sicurezza dei dati trattati, inoltre, sono di massima importanza e, per tale motivo, sono stati inseriti in Sistemi di Gestione dedicati.&nbsp;<\/p>\n\n\n\n<p>I nostri sistemi di sicurezza non tralasciano nulla perch\u00e8 integrano alla tecnologia della sicurezza, tutte le buone pratiche ed i decreti che creano obblighi rispetto lla gestione della sicurezza come <\/p>\n\n\n\n<div class=\"wp-block-group is-layout-grid wp-container-core-group-is-layout-478b6e6b wp-block-group-is-layout-grid\">\n<p>Trattamento dei dati Personali Regolamento europeo 679\/2016<\/p>\n\n\n\n<p>Legge 231\/2001 Decreto che pone, a carico dell&#8217;impresa una responsabilit\u00e0 amministrativa\/penale in dipendenza di determinati reati commessi da propri amministratori, dirigenti, dipendenti o terzi mandatari qualora realizzati nell&#8217;interesse o a vantaggio dell&#8217;impresa stessa<\/p>\n\n\n\n<p>Nis 2 che <strong>f<\/strong>ornisce una normativa a livello dell&#8217;UE sulla cybersicurezza. La NIS2 \u00e8 un aggiornamento della versione precedente della direttiva NIS (Network and Information Security). Il suo obiettivo \u00e8 creare un comune livello di cybersicurezza in tutti gli Stati membri dell&#8217;Unione europea.<\/p>\n\n\n\n<p>DORA Regolamento dell&#8217;&nbsp;<a href=\"https:\/\/www.consilium.europa.eu\/en\/press\/press-releases\/2022\/11\/28\/digital-finance-council-adopts-digital-operational-resilience-act\/\" target=\"_blank\" rel=\"noreferrer noopener\">UE<\/a>&nbsp;relativo al settore dei servizi finanziari, si riferisce esplicitamente ai servizi finanziari nell&#8217;UE, con una particolare attenzione al mantenimento della resilienza nella cybersicurezza. \u00c8 entrato in vigore il 16 gennaio 2023 e sar\u00e0 effettivo a partire dal 17 gennaio 2025.<\/p>\n\n\n\n<p class=\"wp-container-content-69bc4bdf\"><\/p>\n<\/div>\n\n\n\n<p>Tale sistema \u00e8 garantito dalle certificazioni, rilasciate da enti accreditati, che rappresentano un riconoscimento ufficiale del rispetto degli standard internazionali, dove non presenti le opportune certificazioni questo sistema \u00e8 garantito da attivit\u00e0 formative di compliance rilasciate dalle maggiori Universit\u00e0 del Paese.<\/p>\n","protected":false},"excerpt":{"rendered":"<p>Visconti Soluzioni mette in campo partnership di eccellenza, consulenza e investimenti per fornire risposte concrete, puntuali e personalizzate alle aziende<\/p>\n","protected":false},"author":1,"featured_media":0,"parent":0,"menu_order":0,"comment_status":"closed","ping_status":"closed","template":"","meta":{"footnotes":""},"class_list":["post-4864","page","type-page","status-publish","hentry"],"_links":{"self":[{"href":"https:\/\/viscontisoluzioni.it\/index.php\/wp-json\/wp\/v2\/pages\/4864","targetHints":{"allow":["GET"]}}],"collection":[{"href":"https:\/\/viscontisoluzioni.it\/index.php\/wp-json\/wp\/v2\/pages"}],"about":[{"href":"https:\/\/viscontisoluzioni.it\/index.php\/wp-json\/wp\/v2\/types\/page"}],"author":[{"embeddable":true,"href":"https:\/\/viscontisoluzioni.it\/index.php\/wp-json\/wp\/v2\/users\/1"}],"replies":[{"embeddable":true,"href":"https:\/\/viscontisoluzioni.it\/index.php\/wp-json\/wp\/v2\/comments?post=4864"}],"version-history":[{"count":3,"href":"https:\/\/viscontisoluzioni.it\/index.php\/wp-json\/wp\/v2\/pages\/4864\/revisions"}],"predecessor-version":[{"id":4966,"href":"https:\/\/viscontisoluzioni.it\/index.php\/wp-json\/wp\/v2\/pages\/4864\/revisions\/4966"}],"wp:attachment":[{"href":"https:\/\/viscontisoluzioni.it\/index.php\/wp-json\/wp\/v2\/media?parent=4864"}],"curies":[{"name":"wp","href":"https:\/\/api.w.org\/{rel}","templated":true}]}}